{"id":279,"date":"2023-11-02T13:37:54","date_gmt":"2023-11-02T10:37:54","guid":{"rendered":"http:\/\/www.lavatrom.com\/?page_id=279"},"modified":"2026-04-26T21:58:55","modified_gmt":"2026-04-26T18:58:55","slug":"iletisim","status":"publish","type":"page","link":"https:\/\/www.lavatrom.com\/?page_id=279","title":{"rendered":"\u0130leti\u015fim"},"content":{"rendered":"\n<div class=\"row\"  id=\"row-64640418\">\n\n\n\t<div id=\"col-1943518060\" class=\"col medium-6 small-12 large-6\"  >\n\t\t\t\t<div class=\"col-inner\"  >\n\t\t\t\n\t\t\t\n\n\t<div id=\"gap-51255574\" class=\"gap-element clearfix\" style=\"display:block; height:auto;\">\n\t\t\n<style>\n#gap-51255574 {\n  padding-top: 19px;\n}\n<\/style>\n\t<\/div>\n\t\n\n<p style=\"text-align: center;\"><strong>LAVAT MAKINE SANAYI VE TICARET L\u0130M\u0130TED \u015e\u0130RKET\u0130<\/strong><\/p>\n<div class=\"wp-block-group is-vertical is-layout-flex wp-container-7 wp-block-group-is-layout-flex\">\n<p style=\"text-align: center;\">Merkez Mahallesi Abide-\u0130 H\u00fcrriyet Cad Meydan Apt No:143\/8 \u015ei\u015fli \u2013 \u0130stanbul\/T\u00fcrkiye lavat@lavatrom.com<br \/>\nWhatsApp +90 552 301 95 00<\/p>\n<\/div>\n\n\t<div id=\"gap-2053733142\" class=\"gap-element clearfix\" style=\"display:block; height:auto;\">\n\t\t\n<style>\n#gap-2053733142 {\n  padding-top: 32px;\n}\n<\/style>\n\t<\/div>\n\t\n\n\n\n<iframe src=\"https:\/\/www.google.com\/maps\/embed?pb=!1m18!1m12!1m3!1d3008.359970387697!2d28.984459975516756!3d41.06112351617006!2m3!1f0!2f0!3f0!3m2!1i1024!2i768!4f13.1!3m3!1m2!1s0x14cab7203d6944cb%3A0xd4a6e249f36b0daf!2sLavat%20Makine%20Sanayi%20Limited%20%C5%9Eirketi!5e0!3m2!1str!2str!4v1760946941734!5m2!1str!2str\" width=\"600\" height=\"450\" style=\"border:0;\" allowfullscreen=\"\" loading=\"lazy\" referrerpolicy=\"no-referrer-when-downgrade\"><\/iframe>\n\n\n\t\t<\/div>\n\t\t\t\t\t<\/div>\n\n\t\n\n\t<div id=\"col-276847821\" class=\"col medium-6 small-12 large-6\"  >\n\t\t\t\t<div class=\"col-inner\"  >\n\t\t\t\n\t\t\t\n\n\t<div id=\"text-602990829\" class=\"text\">\n\t\t\n\n<p><main id=\"wp--skip-link--target\" class=\"wp-block-group is-layout-flow wp-block-group-is-layout-flow\"><\/p>\n<div class=\"entry-content wp-block-post-content has-global-padding is-layout-constrained wp-block-post-content-is-layout-constrained\">\n<p style=\"text-align: center;\"><strong>LAVAT COMMERCE LTD<br \/><\/strong>32 Green Lanes Un\u0131t 20223 London Un\u0131ted K\u0131ngdom N16 9dt<br \/>lavat@lavatrom.com<br \/>\nWhatsApp +90 552 301 95 00<\/p>\n<\/div>\n<p><\/main><\/p>\n\n\t\t\n<style>\n#text-602990829 {\n  line-height: 1.6;\n}\n<\/style>\n\t<\/div>\n\t\n\n\n<iframe src=\"https:\/\/www.google.com\/maps\/embed?pb=!1m16!1m12!1m3!1d2480.838213093163!2d-0.08972752381511381!3d51.55286560738147!2m3!1f0!2f0!3f0!3m2!1i1024!2i768!4f13.1!2m1!1s32%20Green%20Lanes%20Un%C4%B1t%2020223%20London%20Un%C4%B1ted%20K%C4%B1ngdom%20N16%209dt%20Sic%20Codes%3A%2047910!5e0!3m2!1str!2str!4v1698924576313!5m2!1str!2str\" width=\"600\" height=\"450\" style=\"border:0;\" allowfullscreen=\"\" loading=\"lazy\" referrerpolicy=\"no-referrer-when-downgrade\"><\/iframe>\n\n\n\t\t<\/div>\n\t\t\t\t\t<\/div>\n\n\t\n\n<\/div>\n\n\n<div class=\"wpforms-container wpforms-container-full\" id=\"wpforms-294\"><form id=\"wpforms-form-294\" class=\"wpforms-validate wpforms-form\" data-formid=\"294\" method=\"post\" enctype=\"multipart\/form-data\" action=\"\/index.php?rest_route=%2Fwp%2Fv2%2Fpages%2F279\" data-token=\"b80801ee5b64163d8cfa8d66b4b901ec\" data-token-time=\"1778753623\"><noscript class=\"wpforms-error-noscript\">Bu formu bitirebilmek i\u00e7in taray\u0131c\u0131n\u0131zda JavaScript&#039;i etkinle\u015ftirin.<\/noscript><div class=\"wpforms-field-container\"><div id=\"wpforms-294-field_1-container\" class=\"wpforms-field wpforms-field-text wpforms-one-half wpforms-first\" data-field-id=\"1\"><label class=\"wpforms-field-label\" for=\"wpforms-294-field_1\">Ad\u0131n\u0131z \/ Soyad\u0131n\u0131z<\/label><input type=\"text\" id=\"wpforms-294-field_1\" class=\"wpforms-field-medium\" name=\"wpforms[fields][1]\" ><\/div><div id=\"wpforms-294-field_2-container\" class=\"wpforms-field wpforms-field-number wpforms-one-half\" data-field-id=\"2\"><label class=\"wpforms-field-label\" for=\"wpforms-294-field_2\">Telefon<\/label><input type=\"number\" id=\"wpforms-294-field_2\" class=\"wpforms-field-medium\" name=\"wpforms[fields][2]\" step=\"any\" ><\/div><div id=\"wpforms-294-field_3-container\" class=\"wpforms-field wpforms-field-email\" data-field-id=\"3\"><label class=\"wpforms-field-label\" for=\"wpforms-294-field_3\">Email <span class=\"wpforms-required-label\">*<\/span><\/label><input type=\"email\" id=\"wpforms-294-field_3\" class=\"wpforms-field-medium wpforms-field-required\" name=\"wpforms[fields][3]\" spellcheck=\"false\" required><\/div><div id=\"wpforms-294-field_4-container\" class=\"wpforms-field wpforms-field-textarea\" data-field-id=\"4\"><label class=\"wpforms-field-label\" for=\"wpforms-294-field_4\">Mesaj\u0131n\u0131z<\/label><textarea id=\"wpforms-294-field_4\" class=\"wpforms-field-medium\" name=\"wpforms[fields][4]\" ><\/textarea><\/div><\/div><!-- .wpforms-field-container --><div class=\"wpforms-submit-container\" ><input type=\"hidden\" name=\"wpforms[id]\" value=\"294\"><input type=\"hidden\" name=\"page_title\" value=\"\"><input type=\"hidden\" name=\"page_url\" value=\"https:\/\/www.lavatrom.com\/index.php?rest_route=\/wp\/v2\/pages\/279\"><input type=\"hidden\" name=\"url_referer\" value=\"\"><button type=\"submit\" name=\"wpforms[submit]\" id=\"wpforms-submit-294\" class=\"wpforms-submit\" data-alt-text=\"G\u00f6nderiliyor...\" data-submit-text=\"G\u00f6nder\" aria-live=\"assertive\" value=\"wpforms-submit\">G\u00f6nder<\/button><\/div><\/form><\/div>  <!-- .wpforms-container -->\n\n\n","protected":false},"excerpt":{"rendered":"","protected":false},"author":1,"featured_media":0,"parent":0,"menu_order":0,"comment_status":"closed","ping_status":"closed","template":"","meta":{"footnotes":""},"class_list":["post-279","page","type-page","status-publish","hentry"],"_links":{"self":[{"href":"https:\/\/www.lavatrom.com\/index.php?rest_route=\/wp\/v2\/pages\/279","targetHints":{"allow":["GET"]}}],"collection":[{"href":"https:\/\/www.lavatrom.com\/index.php?rest_route=\/wp\/v2\/pages"}],"about":[{"href":"https:\/\/www.lavatrom.com\/index.php?rest_route=\/wp\/v2\/types\/page"}],"author":[{"embeddable":true,"href":"https:\/\/www.lavatrom.com\/index.php?rest_route=\/wp\/v2\/users\/1"}],"replies":[{"embeddable":true,"href":"https:\/\/www.lavatrom.com\/index.php?rest_route=%2Fwp%2Fv2%2Fcomments&post=279"}],"version-history":[{"count":6,"href":"https:\/\/www.lavatrom.com\/index.php?rest_route=\/wp\/v2\/pages\/279\/revisions"}],"predecessor-version":[{"id":819,"href":"https:\/\/www.lavatrom.com\/index.php?rest_route=\/wp\/v2\/pages\/279\/revisions\/819"}],"wp:attachment":[{"href":"https:\/\/www.lavatrom.com\/index.php?rest_route=%2Fwp%2Fv2%2Fmedia&parent=279"}],"curies":[{"name":"wp","href":"https:\/\/api.w.org\/{rel}","templated":true}]}}