{"id":359,"date":"2023-11-02T15:53:19","date_gmt":"2023-11-02T12:53:19","guid":{"rendered":"http:\/\/www.lavatrom.com\/?page_id=359"},"modified":"2023-11-02T15:53:48","modified_gmt":"2023-11-02T12:53:48","slug":"gizlilik-politikasi-2","status":"publish","type":"page","link":"https:\/\/www.lavatrom.com\/?page_id=359","title":{"rendered":"Gizlilik Politikas\u0131"},"content":{"rendered":"\n<h1 class=\"uppercase\">G\u0130ZL\u0130L\u0130K POL\u0130T\u0130KASI<\/h1>\n<p>Bu sayfa, herhangi birinin Hizmetimizi kullanmaya karar vermesi durumunda Ki\u015fisel Bilgilerin toplanmas\u0131, kullan\u0131lmas\u0131 ve if\u015fa edilmesi ile ilgili politikalar\u0131m\u0131z hakk\u0131nda ziyaret\u00e7ileri bilgilendirmek i\u00e7in kullan\u0131l\u0131r.<\/p>\n<p>Hizmetimizi kullanmay\u0131 se\u00e7erseniz, bu politika ile ilgili bilgilerin toplanmas\u0131n\u0131 ve kullan\u0131lmas\u0131n\u0131 kabul etmi\u015f olursunuz. Toplad\u0131\u011f\u0131m\u0131z Ki\u015fisel Bilgiler, Hizmeti sa\u011flamak ve geli\u015ftirmek i\u00e7in kullan\u0131l\u0131r. Bilgilerinizi bu Gizlilik Politikas\u0131nda a\u00e7\u0131klananlar d\u0131\u015f\u0131nda hi\u00e7 kimseyle kullanmayaca\u011f\u0131z veya payla\u015fmayaca\u011f\u0131z.<\/p>\n<p>Bu Gizlilik Politikas\u0131nda kullan\u0131lan terimler, bu Gizlilik Politikas\u0131nda aksi belirtilmedi\u011fi s\u00fcrece HUACO\u2019de eri\u015filebilen H\u00fck\u00fcm ve Ko\u015fullar\u0131m\u0131zdaki anlamlarla ayn\u0131d\u0131r.<\/p>\n<p><strong>Bilgi Toplama ve Kullanma<\/strong><\/p>\n<p>Daha iyi bir deneyim i\u00e7in, hizmetimizi kullan\u0131rken, bize ad, e-posta dahil ancak bunlarla s\u0131n\u0131rl\u0131 olmamak \u00fczere, bize ki\u015fisel olarak tan\u0131mlanabilecek baz\u0131 bilgiler sa\u011flaman\u0131z\u0131 isteyebiliriz. Talep etti\u011fimiz bilgiler taraf\u0131m\u0131zca saklanacak ve bu gizlilik politikas\u0131nda a\u00e7\u0131kland\u0131\u011f\u0131 gibi kullan\u0131lacakt\u0131r.<\/p>\n<p>Uygulama, sizi tan\u0131mlamak i\u00e7in kullan\u0131lan bilgileri toplayabilecek \u00fc\u00e7\u00fcnc\u00fc taraf hizmetlerini kullan\u0131yor.<\/p>\n<p>Uygulama taraf\u0131ndan kullan\u0131lan \u00fc\u00e7\u00fcnc\u00fc taraf hizmet sa\u011flay\u0131c\u0131lar\u0131n\u0131n gizlilik politikas\u0131na ba\u011flant\u0131<\/p>\n<p>Google Play Hizmetleri G\u00fcnl\u00fck Verileri<\/p>\n<p>Hizmetimizi her kulland\u0131\u011f\u0131n\u0131zda, uygulamada bir hata olmas\u0131 durumunda, telefonunuzda G\u00fcnl\u00fck Verileri ad\u0131 verilen veri ve bilgileri (\u00fc\u00e7\u00fcnc\u00fc taraf \u00fcr\u00fcnler arac\u0131l\u0131\u011f\u0131yla) toplad\u0131\u011f\u0131m\u0131z\u0131 size bildirmek istiyoruz. Bu G\u00fcnl\u00fck Verileri, cihaz\u0131n\u0131z\u0131n \u0130nternet Protokol\u00fc (\u201cIP\u201d) adresi, cihaz ad\u0131, i\u015fletim sistemi s\u00fcr\u00fcm\u00fc, Hizmetimizi kullan\u0131rken uygulaman\u0131n yap\u0131land\u0131rmas\u0131, Hizmeti kullan\u0131m\u0131n\u0131z\u0131n saati ve tarihi ve di\u011fer istatistikler gibi bilgileri i\u00e7erebilir.<\/p>\n<p><strong>Kurabiye<\/strong><\/p>\n<p>\u00c7erezler, genellikle anonim benzersiz tan\u0131mlay\u0131c\u0131lar olarak kullan\u0131lan az miktarda veri i\u00e7eren dosyalard\u0131r. Bunlar, ziyaret etti\u011finiz web sitelerinden taray\u0131c\u0131n\u0131za g\u00f6nderilir ve cihaz\u0131n\u0131z\u0131n dahili belle\u011finde saklan\u0131r.<\/p>\n<p>Bu Hizmet, bu \u201c\u00e7erezleri\u201d a\u00e7\u0131k\u00e7a kullanmaz. Ancak uygulama, bilgi toplamak ve hizmetlerini iyile\u015ftirmek i\u00e7in \u201c\u00e7erezler\u201d kullanan \u00fc\u00e7\u00fcnc\u00fc taraf kod ve kitapl\u0131klar\u0131 kullanabilir. Bu \u00e7erezleri kabul etme veya reddetme ve cihaz\u0131n\u0131za bir \u00e7erezin ne zaman g\u00f6nderilece\u011fini bilme se\u00e7ene\u011finiz vard\u0131r. \u00e7erezlerimizi reddetmeyi se\u00e7erseniz, bu Hizmetin baz\u0131 k\u0131s\u0131mlar\u0131n\u0131 kullanamayabilirsiniz.<\/p>\n<p><strong>Servis sa\u011flay\u0131c\u0131lar\u0131<\/strong><\/p>\n<p>A\u015fa\u011f\u0131daki nedenlerden dolay\u0131 \u00fc\u00e7\u00fcnc\u00fc taraf \u015firketleri ve ki\u015fileri istihdam edebiliriz:<\/p>\n<p>Hizmetimizi kolayla\u015ft\u0131rmak i\u00e7in;<\/p>\n<p>Hizmeti bizim ad\u0131m\u0131za sa\u011flamak i\u00e7in;<\/p>\n<p>Hizmetle ilgili hizmetleri ger\u00e7ekle\u015ftirmek i\u00e7in; veya<\/p>\n<p>Hizmetimizin nas\u0131l kullan\u0131ld\u0131\u011f\u0131n\u0131 analiz etmemize yard\u0131mc\u0131 olmak i\u00e7in.<\/p>\n<p>Bu Hizmetin kullan\u0131c\u0131lar\u0131n\u0131, bu \u00fc\u00e7\u00fcnc\u00fc taraflar\u0131n Ki\u015fisel Bilgilerinize eri\u015fimi oldu\u011fu konusunda bilgilendirmek istiyoruz. Bunun nedeni, kendilerine verilen g\u00f6revleri bizim ad\u0131m\u0131za yerine getirmektir. Ancak, bilgileri ba\u015fka bir ama\u00e7la a\u00e7\u0131klamamak veya kullanmamakla y\u00fck\u00fcml\u00fcd\u00fcrler.<\/p>\n<p>\u00a0<\/p>\n<p><strong>G\u00fcvenlik<\/strong><\/p>\n<p>Bize Ki\u015fisel Bilgilerinizi sa\u011flama konusundaki g\u00fcveninize de\u011fer veriyoruz, bu nedenle bunlar\u0131 korumak i\u00e7in ticari olarak kabul edilebilir y\u00f6ntemler kullanmaya \u00e7al\u0131\u015f\u0131yoruz. Ancak internet \u00fczerinden hi\u00e7bir aktar\u0131m y\u00f6nteminin veya elektronik depolama y\u00f6nteminin %100 g\u00fcvenli ve g\u00fcvenilir olmad\u0131\u011f\u0131n\u0131 ve mutlak g\u00fcvenli\u011fini garanti edemeyece\u011fimizi unutmay\u0131n.<\/p>\n<p><strong>Di\u011fer Sitelere Ba\u011flant\u0131lar<\/strong><\/p>\n<p>Bu Servis di\u011fer sitelere ba\u011flant\u0131lar i\u00e7erebilir. \u00fc\u00e7\u00fcnc\u00fc taraf bir ba\u011flant\u0131ya t\u0131klarsan\u0131z, o siteye y\u00f6nlendirileceksiniz. Bu harici sitelerin bizim taraf\u0131m\u0131zdan i\u015fletilmedi\u011fini unutmay\u0131n. Bu nedenle, bu web sitelerinin Gizlilik Politikas\u0131n\u0131 incelemenizi \u015fiddetle tavsiye ederiz. \u00fc\u00e7\u00fcnc\u00fc taraf sitelerin veya hizmetlerin i\u00e7eri\u011fi, gizlilik politikalar\u0131 veya uygulamalar\u0131 \u00fczerinde hi\u00e7bir kontrole sahip de\u011filiz ve sorumluluk kabul etmiyoruz.<\/p>\n<p><strong>\u00c7ocuklar\u0131n Gizlili\u011fi<\/strong><\/p>\n<p>Bu Hizmetler 13 ya\u015f\u0131n alt\u0131ndaki hi\u00e7 kimseye hitap etmez. 13 ya\u015f\u0131n alt\u0131ndaki \u00e7ocuklardan ki\u015fisel olarak tan\u0131mlanabilir bilgileri bilerek toplam\u0131yoruz. 13 ya\u015f\u0131n alt\u0131ndaki bir \u00e7ocu\u011fun bize ki\u015fisel bilgi verdi\u011fini fark etti\u011fimizde, bunu derhal sunucular\u0131m\u0131zdan sileriz. Bir ebeveyn veya veli iseniz ve \u00e7ocu\u011funuzun bize ki\u015fisel bilgi verdi\u011fini biliyorsan\u0131z, l\u00fctfen gerekli i\u015flemleri yapabilmemiz i\u00e7in bizimle ileti\u015fime ge\u00e7in.<\/p>\n<p><strong>Bu Gizlilik Politikas\u0131ndaki De\u011fi\u015fiklikler<\/strong><\/p>\n<p>Gizlilik Politikam\u0131z\u0131 zaman zaman g\u00fcncelleyebiliriz. Bu nedenle, herhangi bir de\u011fi\u015fiklik i\u00e7in bu sayfay\u0131 periyodik olarak g\u00f6zden ge\u00e7irmeniz \u00f6nerilir. Yeni Gizlilik Politikas\u0131n\u0131 bu sayfada yay\u0131nlayarak her t\u00fcrl\u00fc de\u011fi\u015fikli\u011fi size bildirece\u011fiz.<\/p>\n\n","protected":false},"excerpt":{"rendered":"","protected":false},"author":1,"featured_media":0,"parent":0,"menu_order":0,"comment_status":"closed","ping_status":"closed","template":"","meta":{"footnotes":""},"class_list":["post-359","page","type-page","status-publish","hentry"],"_links":{"self":[{"href":"https:\/\/www.lavatrom.com\/index.php?rest_route=\/wp\/v2\/pages\/359","targetHints":{"allow":["GET"]}}],"collection":[{"href":"https:\/\/www.lavatrom.com\/index.php?rest_route=\/wp\/v2\/pages"}],"about":[{"href":"https:\/\/www.lavatrom.com\/index.php?rest_route=\/wp\/v2\/types\/page"}],"author":[{"embeddable":true,"href":"https:\/\/www.lavatrom.com\/index.php?rest_route=\/wp\/v2\/users\/1"}],"replies":[{"embeddable":true,"href":"https:\/\/www.lavatrom.com\/index.php?rest_route=%2Fwp%2Fv2%2Fcomments&post=359"}],"version-history":[{"count":3,"href":"https:\/\/www.lavatrom.com\/index.php?rest_route=\/wp\/v2\/pages\/359\/revisions"}],"predecessor-version":[{"id":476,"href":"https:\/\/www.lavatrom.com\/index.php?rest_route=\/wp\/v2\/pages\/359\/revisions\/476"}],"wp:attachment":[{"href":"https:\/\/www.lavatrom.com\/index.php?rest_route=%2Fwp%2Fv2%2Fmedia&parent=359"}],"curies":[{"name":"wp","href":"https:\/\/api.w.org\/{rel}","templated":true}]}}